{"id":46,"date":"2009-01-31T14:20:05","date_gmt":"2009-01-31T12:20:05","guid":{"rendered":"http:\/\/www.familie-groebe.de\/?page_id=46"},"modified":"2009-09-22T08:41:04","modified_gmt":"2009-09-22T06:41:04","slug":"willkommen","status":"publish","type":"page","link":"http:\/\/www.familie-groebe.de\/","title":{"rendered":"Willkommen"},"content":{"rendered":"<p>Willkommen in unserem Bautagebuch.<\/p>\n<p>Ein spannendes Abenteuer begann f\u00fcr uns im August letzten Jahres (2008).<\/p>\n<p>Wir haben den Entschlu\u00df gefasst unseren gr\u00f6\u00dften Traum zu verwirklichen, den Bau &#8222;UNSERES&#8220; Hauses.<\/p>\n<p>Was wir seit dem erlebt haben, bzw. wie unser Projekt weiter voranschreitet wollen wir in Form eines Tagebuches dokumentieren und allen Interessierten die M\u00f6glichkeit bieten aus unseren Erfahrungen zu lernen.<\/p>\n<p>\u00a0<\/p>\n<p>Dabei handelt es sich um unsere subjektiven Eindr\u00fccke und pers\u00f6nlichen Erlebnisse, die wir nat\u00fcrlich versuchen wollen, so objektiv wie m\u00f6glich zu schildern.<\/p>\n<p>\u00a0<\/p>\n<p>Und nun w\u00fcnschen wir viel Spa\u00df beim lesen,<\/p>\n<p>\u00a0<\/p>\n<address><span style=\"color: #00ccff;\"><em>Anja und Alex<\/em><\/span><\/address>\n","protected":false},"excerpt":{"rendered":"<p>Willkommen in unserem Bautagebuch. Ein spannendes Abenteuer begann f\u00fcr uns im August letzten Jahres (2008). Wir haben den Entschlu\u00df gefasst unseren gr\u00f6\u00dften Traum zu verwirklichen, den Bau &#8222;UNSERES&#8220; Hauses. Was wir seit dem erlebt haben, bzw. wie unser Projekt weiter voranschreitet wollen wir in Form eines Tagebuches dokumentieren und allen Interessierten die M\u00f6glichkeit bieten aus [&hellip;]<\/p>\n","protected":false},"author":1,"featured_media":0,"parent":0,"menu_order":0,"comment_status":"closed","ping_status":"open","template":"","meta":[],"aioseo_notices":[],"_links":{"self":[{"href":"http:\/\/www.familie-groebe.de\/wp-json\/wp\/v2\/pages\/46"}],"collection":[{"href":"http:\/\/www.familie-groebe.de\/wp-json\/wp\/v2\/pages"}],"about":[{"href":"http:\/\/www.familie-groebe.de\/wp-json\/wp\/v2\/types\/page"}],"author":[{"embeddable":true,"href":"http:\/\/www.familie-groebe.de\/wp-json\/wp\/v2\/users\/1"}],"replies":[{"embeddable":true,"href":"http:\/\/www.familie-groebe.de\/wp-json\/wp\/v2\/comments?post=46"}],"version-history":[{"count":23,"href":"http:\/\/www.familie-groebe.de\/wp-json\/wp\/v2\/pages\/46\/revisions"}],"predecessor-version":[{"id":84,"href":"http:\/\/www.familie-groebe.de\/wp-json\/wp\/v2\/pages\/46\/revisions\/84"}],"wp:attachment":[{"href":"http:\/\/www.familie-groebe.de\/wp-json\/wp\/v2\/media?parent=46"}],"curies":[{"name":"wp","href":"https:\/\/api.w.org\/{rel}","templated":true}]}}