{"id":31,"date":"2009-01-31T14:01:23","date_gmt":"2009-01-31T13:01:23","guid":{"rendered":"http:\/\/www.familie-groebe.de\/?page_id=31"},"modified":"2009-02-23T20:03:19","modified_gmt":"2009-02-23T19:03:19","slug":"anbietersuche","status":"publish","type":"page","link":"http:\/\/www.familie-groebe.de\/wie-alles-begann\/anbietersuche\/","title":{"rendered":"Anbietersuche"},"content":{"rendered":"<p>Die Suche nach dem &#8222;Richtigen&#8220; nahm mehr Zeit in Anspruch als gedacht.\u00a0\u00a0Wer sich -wie wir- vorher noch gar nicht damit besch\u00e4ftigt hat, ist mit einem Besuch im\u00a0Musterhauspark gut beraten. Die ersten Gespr\u00e4che mit den Hausanbietern waren sehr unterschiedlich. Einige waren sehr auskunftsfreudig andere hingegen sehr verhalten.\u00a0Die meisten von ihnen fragten uns, ob schon ein Grundst\u00fcck vorhanden ist, nachdem wir es verneinten, brachen einige die Unterhaltung ab und sagten uns, wir sollten wieder kommen wenn wir ein Grundst\u00fcck haben. Ganz gl\u00fccklich waren wir \u00fcber diese Behandlung nicht. Nichtsdestotrotz fuhren wir mit mind. einem Kilo Prospekte nach Hause.<\/p>\n<p>Neben der Recherche nach entsprechenden Anbietern, hatten wir\u00a0uns indessen nach Grundst\u00fccken umgeschaut(n\u00e4here Information dazu sind in der Kategorie &#8222;Grundst\u00fcck&#8220; zu finden). Das w\u00e4lzen der vielen Prospekte brachte uns irgendwie nicht wirklich weiter. Es waren einfach viel zu viele Anbieter.\u00a0 Um noch bessere Vorstellungen zu bekommen, luden wir im n\u00e4chsten Schritt einige Hausverk\u00e4ufer zu uns nach Hause ein.\u00a0 Als erstes war von der Firma Gussek Frau Klar bei uns.\u00a0 Nach einem ersten Warming up stellte Sie uns die Firma vor, unterbreitete uns anhand des vorliegenden BB-Plans verschiedene\u00a0Baum\u00f6glichkeiten und beendete die Beratung mit einem n\u00e4chsten Treffen am Grundst\u00fcck vor Ort zusammen mit einem Architekten. Daraufhin glaubten wir, dass jeder Hausverk\u00e4ufer diese oder \u00e4hnliche Vorgehensweise betreibt. Weit gefehlt!!!! Stattdessen, von\u00a0stundenlangem Grundst\u00fccksphilosophieren \u00fcber unzureichender Fachkenntnis, Faulheit\u00a0uns einen groben Entwurf zu\u00a0erstellen, Termine\/Absprachen nicht einzuhalten\u00a0bis zur massiven Bedr\u00e4ngung noch heute den Werkvertrag zu unterschreiben, hatten wir alles dabei.\u00a0<\/p>\n<p>Aus viel zu vielen Anbietern wurde schnell noch eine Handvoll.\u00a0\u00a0Auch die Informationen aus dem \u00a0Internet (z. B. Bauherrentageb\u00fccher)\u00a0und der Fachliteratur waren uns eine gro\u00dfe Hilfe, die richtige Hausbaufirma zu finden.<\/p>\n<p>Einer der wichtigsten und schwersten Fragen die wir f\u00fcr uns\u00a0kl\u00e4ren mussten war, die Bauweise -Massiv- oder Fertigteilhaus sowie die Heiztechnik. Ausschlaggebend f\u00fcr unsere Entscheidung ein Fertighaus\u00a0zu bauen waren,\u00a0die bessere W\u00e4rmed\u00e4mmung (Angabe des \u00a0U-Wertes)\u00a0die durch Einhaltung der Energiesparverordnung bei der KfW-Bank (F\u00f6rderprogramme: Kfw 60 und KfW 40) mit g\u00fcnstigeren Kreditzins gef\u00f6rdert wird sowie die Einsparungen der Energiekosten.\u00a0\u00a0Hinzukommen die k\u00fcrzere Bauzeit und die bessere Vorkalkulation der Kosten. Bei den Heizvarianten konnten wir uns zun\u00e4chst nicht entscheiden zwischen Pelletofen und Luft-Wasser-W\u00e4rmepumpe. Alle anderen Heizvarianten hatten wir schnell ausgeschlossen, da entweder aus heutiger Sicht der Energieaufwand zu hoch ist oder die Anschaffungskosten sehr hoch sind.\u00a0<\/p>\n<p>Letztendlich blieben noch 3 Firmen \u00fcbrig: Gussek, Allstav und Finger. Die G\u00fcnstiganbieter wie z. B. Massa, Allkauf oder\u00a0Toom-Haus (Elk) u.\u00e4.\u00a0sind unserer Meinung nach nur zu empfehlen, wenn das angebotene Haus im absoluten Standard, also komplett <strong>ohne\u00a0<\/strong>\u00c4nderungen gekauft wird.\u00a0Nach monatelangem Pr\u00fcfen verschiedenster Baufirmen blieb eine einzige Firma \u00fcbrig,\u00a0Gussek.\u00a0\u00a0Denn die bisher erbrachten Leistungen (Beratung und Betreuung durch Frau Klar)\u00a0sowie der Preis unseres Traumhauses sind unschlagbar.<\/p>\n","protected":false},"excerpt":{"rendered":"<p>Die Suche nach dem &#8222;Richtigen&#8220; nahm mehr Zeit in Anspruch als gedacht.\u00a0\u00a0Wer sich -wie wir- vorher noch gar nicht damit besch\u00e4ftigt hat, ist mit einem Besuch im\u00a0Musterhauspark gut beraten. Die ersten Gespr\u00e4che mit den Hausanbietern waren sehr unterschiedlich. Einige waren sehr auskunftsfreudig andere hingegen sehr verhalten.\u00a0Die meisten von ihnen fragten uns, ob schon ein Grundst\u00fcck [&hellip;]<\/p>\n","protected":false},"author":2,"featured_media":0,"parent":3,"menu_order":11,"comment_status":"closed","ping_status":"open","template":"","meta":[],"aioseo_notices":[],"_links":{"self":[{"href":"http:\/\/www.familie-groebe.de\/wp-json\/wp\/v2\/pages\/31"}],"collection":[{"href":"http:\/\/www.familie-groebe.de\/wp-json\/wp\/v2\/pages"}],"about":[{"href":"http:\/\/www.familie-groebe.de\/wp-json\/wp\/v2\/types\/page"}],"author":[{"embeddable":true,"href":"http:\/\/www.familie-groebe.de\/wp-json\/wp\/v2\/users\/2"}],"replies":[{"embeddable":true,"href":"http:\/\/www.familie-groebe.de\/wp-json\/wp\/v2\/comments?post=31"}],"version-history":[{"count":16,"href":"http:\/\/www.familie-groebe.de\/wp-json\/wp\/v2\/pages\/31\/revisions"}],"predecessor-version":[{"id":35,"href":"http:\/\/www.familie-groebe.de\/wp-json\/wp\/v2\/pages\/31\/revisions\/35"}],"up":[{"embeddable":true,"href":"http:\/\/www.familie-groebe.de\/wp-json\/wp\/v2\/pages\/3"}],"wp:attachment":[{"href":"http:\/\/www.familie-groebe.de\/wp-json\/wp\/v2\/media?parent=31"}],"curies":[{"name":"wp","href":"https:\/\/api.w.org\/{rel}","templated":true}]}}