{"id":294,"date":"2009-04-21T17:34:45","date_gmt":"2009-04-21T16:34:45","guid":{"rendered":"http:\/\/www.familie-groebe.de\/?page_id=294"},"modified":"2009-04-21T17:34:45","modified_gmt":"2009-04-21T16:34:45","slug":"hausvarianten","status":"publish","type":"page","link":"http:\/\/www.familie-groebe.de\/unser-haus\/hausvarianten\/","title":{"rendered":"Hausvarianten"},"content":{"rendered":"<p class=\"MsoNormal\" style=\"margin: 0cm 0cm 0pt;\"><span style=\"font-family: Verdana;\"><span style=\"font-size: small;\">Eine gro\u00dfe Rolle f\u00fcr die Hausversion\/-form spielt nat\u00fcrlich das Grundst\u00fcck. Eben oder Hang, leichter oder steiler Hang, Giebel-Ausrichtung, Trauf- und Firsth\u00f6he, Dachform usw. (diese Infos sind im Bebauungsplan \u2013wenn vorhanden- zu finden) sind daf\u00fcr ausschlaggebend.<\/span><\/span><\/p>\n<p class=\"MsoNormal\" style=\"margin: 0cm 0cm 0pt;\"><span style=\"font-family: Verdana;\"><span style=\"font-size: small;\">\u00a0<\/span><\/span><\/p>\n<p class=\"MsoNormal\" style=\"margin: 0cm 0cm 0pt;\"><span style=\"font-family: Verdana;\"><span style=\"font-size: small;\">Uns liegen verschiedene Hausvarianten f\u00fcr unsere verschiedenen Grunst\u00fccke\u00a0vor. F\u00fcr ein Hanggrundst\u00fcck in Birenbach, f\u00fcr ein Ebenes in W\u00e4schenbeuren\u00a0und f\u00fcr eine Flachbebauung ein Winkelhaus. Aufgrund der Gegebenheiten in Bad Urach und den Vorgaben lt. B-Plan wird es nun das klassisches Haus mit 3. Giebel und Einliegerwohnung auf Bodenplatte. <strong style=\"mso-bidi-font-weight: normal;\"><\/strong><\/span><\/span><\/p>\n","protected":false},"excerpt":{"rendered":"<p>Eine gro\u00dfe Rolle f\u00fcr die Hausversion\/-form spielt nat\u00fcrlich das Grundst\u00fcck. Eben oder Hang, leichter oder steiler Hang, Giebel-Ausrichtung, Trauf- und Firsth\u00f6he, Dachform usw. (diese Infos sind im Bebauungsplan \u2013wenn vorhanden- zu finden) sind daf\u00fcr ausschlaggebend. \u00a0 Uns liegen verschiedene Hausvarianten f\u00fcr unsere verschiedenen Grunst\u00fccke\u00a0vor. F\u00fcr ein Hanggrundst\u00fcck in Birenbach, f\u00fcr ein Ebenes in W\u00e4schenbeuren\u00a0und f\u00fcr [&hellip;]<\/p>\n","protected":false},"author":2,"featured_media":0,"parent":292,"menu_order":0,"comment_status":"open","ping_status":"open","template":"","meta":[],"aioseo_notices":[],"_links":{"self":[{"href":"http:\/\/www.familie-groebe.de\/wp-json\/wp\/v2\/pages\/294"}],"collection":[{"href":"http:\/\/www.familie-groebe.de\/wp-json\/wp\/v2\/pages"}],"about":[{"href":"http:\/\/www.familie-groebe.de\/wp-json\/wp\/v2\/types\/page"}],"author":[{"embeddable":true,"href":"http:\/\/www.familie-groebe.de\/wp-json\/wp\/v2\/users\/2"}],"replies":[{"embeddable":true,"href":"http:\/\/www.familie-groebe.de\/wp-json\/wp\/v2\/comments?post=294"}],"version-history":[{"count":1,"href":"http:\/\/www.familie-groebe.de\/wp-json\/wp\/v2\/pages\/294\/revisions"}],"predecessor-version":[{"id":295,"href":"http:\/\/www.familie-groebe.de\/wp-json\/wp\/v2\/pages\/294\/revisions\/295"}],"up":[{"embeddable":true,"href":"http:\/\/www.familie-groebe.de\/wp-json\/wp\/v2\/pages\/292"}],"wp:attachment":[{"href":"http:\/\/www.familie-groebe.de\/wp-json\/wp\/v2\/media?parent=294"}],"curies":[{"name":"wp","href":"https:\/\/api.w.org\/{rel}","templated":true}]}}