{"id":266,"date":"2009-04-20T18:28:26","date_gmt":"2009-04-20T17:28:26","guid":{"rendered":"http:\/\/www.familie-groebe.de\/?page_id=266"},"modified":"2009-04-21T09:51:13","modified_gmt":"2009-04-21T08:51:13","slug":"anbieterauswahl","status":"publish","type":"page","link":"http:\/\/www.familie-groebe.de\/tipps\/anbieterauswahl\/","title":{"rendered":"Anbieterauswahl"},"content":{"rendered":"<p>Nach unserem Anbieterauswahlmarathon von \u00fcber 6 Monaten wollen wir versuchen ein paar Tipps zusammenzutragen (ohne Anspruch auf Vollst\u00e4ndigkeit):<\/p>\n<ul>\n<li>Lassen Sie von allen Anbietern das &#8222;selbe&#8220; Haus planen und anbieten, sonst f\u00e4llt ein sp\u00e4terer Vergleich schwer (Apfel mit Birnen-Vergleich).<\/li>\n<li>Unterschreiben Sie niemals unter Druck einen Vertrag: Mehrere Anbieter versuchten auf diese Weise einen Abschlu\u00df zu machen, oftmals verbunden mit einer (angeblich) anstehenden Preiserh\u00f6hung. Wenn der Anbieter seri\u00f6s arbeitet, wird er auch noch morgen den Preis aufrecht erhalten.<\/li>\n<li>Lassen Sie sich immer beim ersten Beratungsgespr\u00e4ch die Bau-Leistungsbeschreibung (beschreibt, was man f\u00fcr sein Geld erh\u00e4lt) aush\u00e4ndigen &#8211;\u00a0verweigert der Anbeiter dies und erz\u00e4hlt, das man diese dann bei Vertragsabschlu\u00df gemeinsam durchgehen k\u00f6nne (am besten nach Unterschrift \ud83d\ude09 ) hei\u00dft es Finger weg.<\/li>\n<li>Vergleichen Sie die BLB m\u00f6glichst mit einer Checkliste. Dann erkennt man am ehesten die Unterschiede. Sehr ausf\u00fchrlich ist die <a title=\"Checkliste\" href=\"http:\/\/www.kompetenzzentrum-iemb.de\/informationssystem\/downloads\/dokumente\/checkliste.pdf\" target=\"_blank\">Checkliste<\/a> vom Bundesministerium f\u00fcr Verkehr, Bau und Stadtentwicklung.<\/li>\n<li>Achten Sie auf jedes noch so selbstverst\u00e4ndliche Detail. Alles was nicht in der Bau-Leistungsbeschreibung steht, ist auch im Preis nicht enthlten und l\u00e4sst sp\u00e4ter den Preis\u00a0explodieren.<\/li>\n<li>Was gerne im Leistungsumfang fehlt sind bspw. Planungsleistungen des Architekten, Erstellung Bauantragsunterlagen, Erdaushub, dessen Entsorgung, Entsorgung von Bauschutt, Baustelleneinrichtung (Dixi-Klo, Z\u00e4une), Baustrom, Bauswasser, Hausanschl\u00fcsse, Abwasserleitungen unter der Kellersohle\/Bodenplatte, &#8230; &#8211; Mein Highlight: Bei einem bekannten Ausbauhaushersteller fehlt bspw. der Estrich f\u00fcr das gesamte Haus (das zum Thema &#8211; &#8222;Alles drin&#8220;)<\/li>\n<\/ul>\n","protected":false},"excerpt":{"rendered":"<p>Nach unserem Anbieterauswahlmarathon von \u00fcber 6 Monaten wollen wir versuchen ein paar Tipps zusammenzutragen (ohne Anspruch auf Vollst\u00e4ndigkeit): Lassen Sie von allen Anbietern das &#8222;selbe&#8220; Haus planen und anbieten, sonst f\u00e4llt ein sp\u00e4terer Vergleich schwer (Apfel mit Birnen-Vergleich). Unterschreiben Sie niemals unter Druck einen Vertrag: Mehrere Anbieter versuchten auf diese Weise einen Abschlu\u00df zu machen, [&hellip;]<\/p>\n","protected":false},"author":1,"featured_media":0,"parent":44,"menu_order":0,"comment_status":"open","ping_status":"open","template":"","meta":[],"aioseo_notices":[],"_links":{"self":[{"href":"http:\/\/www.familie-groebe.de\/wp-json\/wp\/v2\/pages\/266"}],"collection":[{"href":"http:\/\/www.familie-groebe.de\/wp-json\/wp\/v2\/pages"}],"about":[{"href":"http:\/\/www.familie-groebe.de\/wp-json\/wp\/v2\/types\/page"}],"author":[{"embeddable":true,"href":"http:\/\/www.familie-groebe.de\/wp-json\/wp\/v2\/users\/1"}],"replies":[{"embeddable":true,"href":"http:\/\/www.familie-groebe.de\/wp-json\/wp\/v2\/comments?post=266"}],"version-history":[{"count":16,"href":"http:\/\/www.familie-groebe.de\/wp-json\/wp\/v2\/pages\/266\/revisions"}],"predecessor-version":[{"id":281,"href":"http:\/\/www.familie-groebe.de\/wp-json\/wp\/v2\/pages\/266\/revisions\/281"}],"up":[{"embeddable":true,"href":"http:\/\/www.familie-groebe.de\/wp-json\/wp\/v2\/pages\/44"}],"wp:attachment":[{"href":"http:\/\/www.familie-groebe.de\/wp-json\/wp\/v2\/media?parent=266"}],"curies":[{"name":"wp","href":"https:\/\/api.w.org\/{rel}","templated":true}]}}